{"id":22,"date":"2018-04-29T12:56:00","date_gmt":"2018-04-29T10:56:00","guid":{"rendered":"https:\/\/les-laitiers-responsables.coop\/?page_id=22"},"modified":"2025-04-08T11:20:23","modified_gmt":"2025-04-08T09:20:23","slug":"foire-aux-questions","status":"publish","type":"page","link":"https:\/\/www.candia.fr\/jeunes-agriculteurs\/foire-aux-questions\/","title":{"rendered":"Foire aux questions"},"content":{"rendered":"\n<p>Les questions les plus fr\u00e9quemment pos\u00e9es sont recens\u00e9es dans cette rubrique. Si vous ne trouvez pas de r\u00e9ponse \u00e0 votre question, n\u2019h\u00e9sitez pas \u00e0&nbsp;<strong><u><a href=\"\/contact\/\">nous contacter.<\/a><\/u><\/strong><\/p>\n","protected":false},"excerpt":{"rendered":"<p>Les questions les plus fr\u00e9quemment pos\u00e9es sont recens\u00e9es dans cette rubrique. Si vous ne trouvez pas de r\u00e9ponse \u00e0 votre question, n\u2019h\u00e9sitez pas \u00e0&nbsp;nous contacter.<\/p>\n","protected":false},"author":1,"featured_media":0,"parent":0,"menu_order":0,"comment_status":"closed","ping_status":"closed","template":"templates\/faq.php","meta":{"_acf_changed":false,"inline_featured_image":false,"footnotes":""},"class_list":["post-22","page","type-page","status-publish","hentry"],"acf":[],"yoast_head":"<!-- This site is optimized with the Yoast SEO plugin v27.5 - https:\/\/yoast.com\/product\/yoast-seo-wordpress\/ -->\n<title>Foire aux questions - Candia aide les jeunes agriculteurs<\/title>\n<meta name=\"description\" content=\"D\u00e9couvrez comment chaque brique de Candia aide les jeunes agriculteurs \u00e0 s&#039;installer et contribue au renouvellement des g\u00e9n\u00e9rations dans l&#039;agriculture fran\u00e7aise.\" \/>\n<meta name=\"robots\" content=\"index, follow, max-snippet:-1, max-image-preview:large, max-video-preview:-1\" \/>\n<link rel=\"canonical\" href=\"https:\/\/www.candia.fr\/jeunes-agriculteurs\/foire-aux-questions\/\" \/>\n<meta property=\"og:locale\" content=\"fr_FR\" \/>\n<meta property=\"og:type\" content=\"article\" \/>\n<meta property=\"og:title\" content=\"Foire aux questions - Candia aide les jeunes agriculteurs\" \/>\n<meta property=\"og:description\" content=\"D\u00e9couvrez comment chaque brique de Candia aide les jeunes agriculteurs \u00e0 s&#039;installer et contribue au renouvellement des g\u00e9n\u00e9rations dans l&#039;agriculture fran\u00e7aise.\" \/>\n<meta property=\"og:url\" content=\"https:\/\/www.candia.fr\/jeunes-agriculteurs\/foire-aux-questions\/\" \/>\n<meta property=\"og:site_name\" content=\"Candia aide les jeunes agriculteurs\" \/>\n<meta property=\"article:modified_time\" content=\"2025-04-08T09:20:23+00:00\" \/>\n<meta name=\"twitter:card\" content=\"summary_large_image\" \/>\n<meta name=\"twitter:label1\" content=\"Dur\u00e9e de lecture estim\u00e9e\" \/>\n\t<meta name=\"twitter:data1\" content=\"1 minute\" \/>\n<script type=\"application\/ld+json\" class=\"yoast-schema-graph\">{\"@context\":\"https:\\\/\\\/schema.org\",\"@graph\":[{\"@type\":\"WebPage\",\"@id\":\"https:\\\/\\\/www.candia.fr\\\/jeunes-agriculteurs\\\/foire-aux-questions\\\/\",\"url\":\"https:\\\/\\\/www.candia.fr\\\/jeunes-agriculteurs\\\/foire-aux-questions\\\/\",\"name\":\"Foire aux questions - Candia aide les jeunes agriculteurs\",\"isPartOf\":{\"@id\":\"https:\\\/\\\/www.candia.fr\\\/jeunes-agriculteurs\\\/#website\"},\"datePublished\":\"2018-04-29T10:56:00+00:00\",\"dateModified\":\"2025-04-08T09:20:23+00:00\",\"description\":\"D\u00e9couvrez comment chaque brique de Candia aide les jeunes agriculteurs \u00e0 s'installer et contribue au renouvellement des g\u00e9n\u00e9rations dans l'agriculture fran\u00e7aise.\",\"breadcrumb\":{\"@id\":\"https:\\\/\\\/www.candia.fr\\\/jeunes-agriculteurs\\\/foire-aux-questions\\\/#breadcrumb\"},\"inLanguage\":\"fr-FR\",\"potentialAction\":[{\"@type\":\"ReadAction\",\"target\":[\"https:\\\/\\\/www.candia.fr\\\/jeunes-agriculteurs\\\/foire-aux-questions\\\/\"]}]},{\"@type\":\"BreadcrumbList\",\"@id\":\"https:\\\/\\\/www.candia.fr\\\/jeunes-agriculteurs\\\/foire-aux-questions\\\/#breadcrumb\",\"itemListElement\":[{\"@type\":\"ListItem\",\"position\":1,\"name\":\"Home\",\"item\":\"https:\\\/\\\/www.candia.fr\\\/jeunes-agriculteurs\\\/\"},{\"@type\":\"ListItem\",\"position\":2,\"name\":\"Foire aux questions\"}]},{\"@type\":\"WebSite\",\"@id\":\"https:\\\/\\\/www.candia.fr\\\/jeunes-agriculteurs\\\/#website\",\"url\":\"https:\\\/\\\/www.candia.fr\\\/jeunes-agriculteurs\\\/\",\"name\":\"Candia aide les jeunes agriculteurs\",\"description\":\"\",\"potentialAction\":[{\"@type\":\"SearchAction\",\"target\":{\"@type\":\"EntryPoint\",\"urlTemplate\":\"https:\\\/\\\/www.candia.fr\\\/jeunes-agriculteurs\\\/?s={search_term_string}\"},\"query-input\":{\"@type\":\"PropertyValueSpecification\",\"valueRequired\":true,\"valueName\":\"search_term_string\"}}],\"inLanguage\":\"fr-FR\"}]}<\/script>\n<!-- \/ Yoast SEO plugin. -->","yoast_head_json":{"title":"Foire aux questions - Candia aide les jeunes agriculteurs","description":"D\u00e9couvrez comment chaque brique de Candia aide les jeunes agriculteurs \u00e0 s'installer et contribue au renouvellement des g\u00e9n\u00e9rations dans l'agriculture fran\u00e7aise.","robots":{"index":"index","follow":"follow","max-snippet":"max-snippet:-1","max-image-preview":"max-image-preview:large","max-video-preview":"max-video-preview:-1"},"canonical":"https:\/\/www.candia.fr\/jeunes-agriculteurs\/foire-aux-questions\/","og_locale":"fr_FR","og_type":"article","og_title":"Foire aux questions - Candia aide les jeunes agriculteurs","og_description":"D\u00e9couvrez comment chaque brique de Candia aide les jeunes agriculteurs \u00e0 s'installer et contribue au renouvellement des g\u00e9n\u00e9rations dans l'agriculture fran\u00e7aise.","og_url":"https:\/\/www.candia.fr\/jeunes-agriculteurs\/foire-aux-questions\/","og_site_name":"Candia aide les jeunes agriculteurs","article_modified_time":"2025-04-08T09:20:23+00:00","twitter_card":"summary_large_image","twitter_misc":{"Dur\u00e9e de lecture estim\u00e9e":"1 minute"},"schema":{"@context":"https:\/\/schema.org","@graph":[{"@type":"WebPage","@id":"https:\/\/www.candia.fr\/jeunes-agriculteurs\/foire-aux-questions\/","url":"https:\/\/www.candia.fr\/jeunes-agriculteurs\/foire-aux-questions\/","name":"Foire aux questions - Candia aide les jeunes agriculteurs","isPartOf":{"@id":"https:\/\/www.candia.fr\/jeunes-agriculteurs\/#website"},"datePublished":"2018-04-29T10:56:00+00:00","dateModified":"2025-04-08T09:20:23+00:00","description":"D\u00e9couvrez comment chaque brique de Candia aide les jeunes agriculteurs \u00e0 s'installer et contribue au renouvellement des g\u00e9n\u00e9rations dans l'agriculture fran\u00e7aise.","breadcrumb":{"@id":"https:\/\/www.candia.fr\/jeunes-agriculteurs\/foire-aux-questions\/#breadcrumb"},"inLanguage":"fr-FR","potentialAction":[{"@type":"ReadAction","target":["https:\/\/www.candia.fr\/jeunes-agriculteurs\/foire-aux-questions\/"]}]},{"@type":"BreadcrumbList","@id":"https:\/\/www.candia.fr\/jeunes-agriculteurs\/foire-aux-questions\/#breadcrumb","itemListElement":[{"@type":"ListItem","position":1,"name":"Home","item":"https:\/\/www.candia.fr\/jeunes-agriculteurs\/"},{"@type":"ListItem","position":2,"name":"Foire aux questions"}]},{"@type":"WebSite","@id":"https:\/\/www.candia.fr\/jeunes-agriculteurs\/#website","url":"https:\/\/www.candia.fr\/jeunes-agriculteurs\/","name":"Candia aide les jeunes agriculteurs","description":"","potentialAction":[{"@type":"SearchAction","target":{"@type":"EntryPoint","urlTemplate":"https:\/\/www.candia.fr\/jeunes-agriculteurs\/?s={search_term_string}"},"query-input":{"@type":"PropertyValueSpecification","valueRequired":true,"valueName":"search_term_string"}}],"inLanguage":"fr-FR"}]}},"_links":{"self":[{"href":"https:\/\/www.candia.fr\/jeunes-agriculteurs\/wp-json\/wp\/v2\/pages\/22","targetHints":{"allow":["GET"]}}],"collection":[{"href":"https:\/\/www.candia.fr\/jeunes-agriculteurs\/wp-json\/wp\/v2\/pages"}],"about":[{"href":"https:\/\/www.candia.fr\/jeunes-agriculteurs\/wp-json\/wp\/v2\/types\/page"}],"author":[{"embeddable":true,"href":"https:\/\/www.candia.fr\/jeunes-agriculteurs\/wp-json\/wp\/v2\/users\/1"}],"replies":[{"embeddable":true,"href":"https:\/\/www.candia.fr\/jeunes-agriculteurs\/wp-json\/wp\/v2\/comments?post=22"}],"version-history":[{"count":34,"href":"https:\/\/www.candia.fr\/jeunes-agriculteurs\/wp-json\/wp\/v2\/pages\/22\/revisions"}],"predecessor-version":[{"id":594,"href":"https:\/\/www.candia.fr\/jeunes-agriculteurs\/wp-json\/wp\/v2\/pages\/22\/revisions\/594"}],"wp:attachment":[{"href":"https:\/\/www.candia.fr\/jeunes-agriculteurs\/wp-json\/wp\/v2\/media?parent=22"}],"curies":[{"name":"wp","href":"https:\/\/api.w.org\/{rel}","templated":true}]}}