{"id":14,"date":"2018-04-29T12:55:17","date_gmt":"2018-04-29T10:55:17","guid":{"rendered":"https:\/\/les-laitiers-responsables.coop\/?page_id=14"},"modified":"2024-05-23T11:12:20","modified_gmt":"2024-05-23T09:12:20","slug":"notre-demarche","status":"publish","type":"page","link":"https:\/\/www.candia.fr\/jeunes-agriculteurs\/notre-demarche\/","title":{"rendered":"Notre d\u00e9marche"},"content":{"rendered":"","protected":false},"excerpt":{"rendered":"","protected":false},"author":1,"featured_media":0,"parent":0,"menu_order":0,"comment_status":"closed","ping_status":"closed","template":"templates\/demarche.php","meta":{"_acf_changed":false,"inline_featured_image":false,"footnotes":""},"class_list":["post-14","page","type-page","status-publish","hentry"],"acf":[],"yoast_head":"<!-- This site is optimized with the Yoast SEO plugin v27.3 - https:\/\/yoast.com\/product\/yoast-seo-wordpress\/ -->\n<title>Notre d\u00e9marche - Candia aide les jeunes agriculteurs<\/title>\n<meta name=\"description\" content=\"D\u00e9couvrez comment Candia soutient le renouvellement des g\u00e9n\u00e9rations d\u2019agriculteurs en aidant les jeunes de la coop\u00e9rative Sodiaal \u00e0 s&#039;installer pour produire un lait de qualit\u00e9 en France.\" \/>\n<meta name=\"robots\" content=\"index, follow, max-snippet:-1, max-image-preview:large, max-video-preview:-1\" \/>\n<link rel=\"canonical\" href=\"https:\/\/www.candia.fr\/jeunes-agriculteurs\/notre-demarche\/\" \/>\n<meta property=\"og:locale\" content=\"fr_FR\" \/>\n<meta property=\"og:type\" content=\"article\" \/>\n<meta property=\"og:title\" content=\"Notre d\u00e9marche - Candia aide les jeunes agriculteurs\" \/>\n<meta property=\"og:description\" content=\"D\u00e9couvrez comment Candia soutient le renouvellement des g\u00e9n\u00e9rations d\u2019agriculteurs en aidant les jeunes de la coop\u00e9rative Sodiaal \u00e0 s&#039;installer pour produire un lait de qualit\u00e9 en France.\" \/>\n<meta property=\"og:url\" content=\"https:\/\/www.candia.fr\/jeunes-agriculteurs\/notre-demarche\/\" \/>\n<meta property=\"og:site_name\" content=\"Candia aide les jeunes agriculteurs\" \/>\n<meta property=\"article:modified_time\" content=\"2024-05-23T09:12:20+00:00\" \/>\n<meta name=\"twitter:card\" content=\"summary_large_image\" \/>\n<script type=\"application\/ld+json\" class=\"yoast-schema-graph\">{\"@context\":\"https:\\\/\\\/schema.org\",\"@graph\":[{\"@type\":\"WebPage\",\"@id\":\"https:\\\/\\\/www.candia.fr\\\/jeunes-agriculteurs\\\/notre-demarche\\\/\",\"url\":\"https:\\\/\\\/www.candia.fr\\\/jeunes-agriculteurs\\\/notre-demarche\\\/\",\"name\":\"Notre d\u00e9marche - Candia aide les jeunes agriculteurs\",\"isPartOf\":{\"@id\":\"https:\\\/\\\/www.candia.fr\\\/jeunes-agriculteurs\\\/#website\"},\"datePublished\":\"2018-04-29T10:55:17+00:00\",\"dateModified\":\"2024-05-23T09:12:20+00:00\",\"description\":\"D\u00e9couvrez comment Candia soutient le renouvellement des g\u00e9n\u00e9rations d\u2019agriculteurs en aidant les jeunes de la coop\u00e9rative Sodiaal \u00e0 s'installer pour produire un lait de qualit\u00e9 en France.\",\"breadcrumb\":{\"@id\":\"https:\\\/\\\/www.candia.fr\\\/jeunes-agriculteurs\\\/notre-demarche\\\/#breadcrumb\"},\"inLanguage\":\"fr-FR\",\"potentialAction\":[{\"@type\":\"ReadAction\",\"target\":[\"https:\\\/\\\/www.candia.fr\\\/jeunes-agriculteurs\\\/notre-demarche\\\/\"]}]},{\"@type\":\"BreadcrumbList\",\"@id\":\"https:\\\/\\\/www.candia.fr\\\/jeunes-agriculteurs\\\/notre-demarche\\\/#breadcrumb\",\"itemListElement\":[{\"@type\":\"ListItem\",\"position\":1,\"name\":\"Home\",\"item\":\"https:\\\/\\\/www.candia.fr\\\/jeunes-agriculteurs\\\/\"},{\"@type\":\"ListItem\",\"position\":2,\"name\":\"Notre d\u00e9marche\"}]},{\"@type\":\"WebSite\",\"@id\":\"https:\\\/\\\/www.candia.fr\\\/jeunes-agriculteurs\\\/#website\",\"url\":\"https:\\\/\\\/www.candia.fr\\\/jeunes-agriculteurs\\\/\",\"name\":\"Candia aide les jeunes agriculteurs\",\"description\":\"\",\"potentialAction\":[{\"@type\":\"SearchAction\",\"target\":{\"@type\":\"EntryPoint\",\"urlTemplate\":\"https:\\\/\\\/www.candia.fr\\\/jeunes-agriculteurs\\\/?s={search_term_string}\"},\"query-input\":{\"@type\":\"PropertyValueSpecification\",\"valueRequired\":true,\"valueName\":\"search_term_string\"}}],\"inLanguage\":\"fr-FR\"}]}<\/script>\n<!-- \/ Yoast SEO plugin. -->","yoast_head_json":{"title":"Notre d\u00e9marche - Candia aide les jeunes agriculteurs","description":"D\u00e9couvrez comment Candia soutient le renouvellement des g\u00e9n\u00e9rations d\u2019agriculteurs en aidant les jeunes de la coop\u00e9rative Sodiaal \u00e0 s'installer pour produire un lait de qualit\u00e9 en France.","robots":{"index":"index","follow":"follow","max-snippet":"max-snippet:-1","max-image-preview":"max-image-preview:large","max-video-preview":"max-video-preview:-1"},"canonical":"https:\/\/www.candia.fr\/jeunes-agriculteurs\/notre-demarche\/","og_locale":"fr_FR","og_type":"article","og_title":"Notre d\u00e9marche - Candia aide les jeunes agriculteurs","og_description":"D\u00e9couvrez comment Candia soutient le renouvellement des g\u00e9n\u00e9rations d\u2019agriculteurs en aidant les jeunes de la coop\u00e9rative Sodiaal \u00e0 s'installer pour produire un lait de qualit\u00e9 en France.","og_url":"https:\/\/www.candia.fr\/jeunes-agriculteurs\/notre-demarche\/","og_site_name":"Candia aide les jeunes agriculteurs","article_modified_time":"2024-05-23T09:12:20+00:00","twitter_card":"summary_large_image","schema":{"@context":"https:\/\/schema.org","@graph":[{"@type":"WebPage","@id":"https:\/\/www.candia.fr\/jeunes-agriculteurs\/notre-demarche\/","url":"https:\/\/www.candia.fr\/jeunes-agriculteurs\/notre-demarche\/","name":"Notre d\u00e9marche - Candia aide les jeunes agriculteurs","isPartOf":{"@id":"https:\/\/www.candia.fr\/jeunes-agriculteurs\/#website"},"datePublished":"2018-04-29T10:55:17+00:00","dateModified":"2024-05-23T09:12:20+00:00","description":"D\u00e9couvrez comment Candia soutient le renouvellement des g\u00e9n\u00e9rations d\u2019agriculteurs en aidant les jeunes de la coop\u00e9rative Sodiaal \u00e0 s'installer pour produire un lait de qualit\u00e9 en France.","breadcrumb":{"@id":"https:\/\/www.candia.fr\/jeunes-agriculteurs\/notre-demarche\/#breadcrumb"},"inLanguage":"fr-FR","potentialAction":[{"@type":"ReadAction","target":["https:\/\/www.candia.fr\/jeunes-agriculteurs\/notre-demarche\/"]}]},{"@type":"BreadcrumbList","@id":"https:\/\/www.candia.fr\/jeunes-agriculteurs\/notre-demarche\/#breadcrumb","itemListElement":[{"@type":"ListItem","position":1,"name":"Home","item":"https:\/\/www.candia.fr\/jeunes-agriculteurs\/"},{"@type":"ListItem","position":2,"name":"Notre d\u00e9marche"}]},{"@type":"WebSite","@id":"https:\/\/www.candia.fr\/jeunes-agriculteurs\/#website","url":"https:\/\/www.candia.fr\/jeunes-agriculteurs\/","name":"Candia aide les jeunes agriculteurs","description":"","potentialAction":[{"@type":"SearchAction","target":{"@type":"EntryPoint","urlTemplate":"https:\/\/www.candia.fr\/jeunes-agriculteurs\/?s={search_term_string}"},"query-input":{"@type":"PropertyValueSpecification","valueRequired":true,"valueName":"search_term_string"}}],"inLanguage":"fr-FR"}]}},"_links":{"self":[{"href":"https:\/\/www.candia.fr\/jeunes-agriculteurs\/wp-json\/wp\/v2\/pages\/14","targetHints":{"allow":["GET"]}}],"collection":[{"href":"https:\/\/www.candia.fr\/jeunes-agriculteurs\/wp-json\/wp\/v2\/pages"}],"about":[{"href":"https:\/\/www.candia.fr\/jeunes-agriculteurs\/wp-json\/wp\/v2\/types\/page"}],"author":[{"embeddable":true,"href":"https:\/\/www.candia.fr\/jeunes-agriculteurs\/wp-json\/wp\/v2\/users\/1"}],"replies":[{"embeddable":true,"href":"https:\/\/www.candia.fr\/jeunes-agriculteurs\/wp-json\/wp\/v2\/comments?post=14"}],"version-history":[{"count":19,"href":"https:\/\/www.candia.fr\/jeunes-agriculteurs\/wp-json\/wp\/v2\/pages\/14\/revisions"}],"predecessor-version":[{"id":298,"href":"https:\/\/www.candia.fr\/jeunes-agriculteurs\/wp-json\/wp\/v2\/pages\/14\/revisions\/298"}],"wp:attachment":[{"href":"https:\/\/www.candia.fr\/jeunes-agriculteurs\/wp-json\/wp\/v2\/media?parent=14"}],"curies":[{"name":"wp","href":"https:\/\/api.w.org\/{rel}","templated":true}]}}